{"id":12,"date":"2022-10-24T09:31:44","date_gmt":"2022-10-24T07:31:44","guid":{"rendered":"http:\/\/grafik-kevelaer.de\/vorschau\/holzem_neu\/?page_id=12"},"modified":"2022-10-24T14:27:53","modified_gmt":"2022-10-24T12:27:53","slug":"wir-ueber-uns","status":"publish","type":"page","link":"http:\/\/grafik-kevelaer.de\/vorschau\/holzem_neu\/","title":{"rendered":"Wir \u00fcber uns"},"content":{"rendered":"<p>[et_pb_section fb_built=&#8220;1&#8243; fullwidth=&#8220;on&#8220; _builder_version=&#8220;4.18.0&#8243; _module_preset=&#8220;default&#8220; border_width_top=&#8220;7px&#8220; border_color_top=&#8220;gcid-164b1a61-a2ee-4304-b2a2-6530fa8b1774&#8243; global_colors_info=&#8220;{%22gcid-164b1a61-a2ee-4304-b2a2-6530fa8b1774%22:%91%22border_color_top%22%93}&#8220;][et_pb_fullwidth_slider _builder_version=&#8220;4.18.0&#8243; _module_preset=&#8220;default&#8220; global_colors_info=&#8220;{}&#8220;][et_pb_slide heading=&#8220;Wir \u00fcber uns&#8220; _builder_version=&#8220;4.18.0&#8243; _module_preset=&#8220;default&#8220; header_level=&#8220;h2&#8243; header_font=&#8220;||||||||&#8220; header_font_size=&#8220;80px&#8220; background_enable_color=&#8220;off&#8220; background_image=&#8220;http:\/\/grafik-kevelaer.de\/vorschau\/holzem_neu\/wp-content\/uploads\/2022\/10\/bild_hintergrund-2.jpg&#8220; background_enable_image=&#8220;on&#8220; parallax=&#8220;on&#8220; parallax_method=&#8220;off&#8220; global_colors_info=&#8220;{}&#8220; sticky_transition=&#8220;on&#8220;][\/et_pb_slide][\/et_pb_fullwidth_slider][\/et_pb_section][et_pb_section fb_built=&#8220;1&#8243; _builder_version=&#8220;4.18.0&#8243; _module_preset=&#8220;default&#8220; global_colors_info=&#8220;{}&#8220;][et_pb_row _builder_version=&#8220;4.18.0&#8243; _module_preset=&#8220;default&#8220; hover_enabled=&#8220;0&#8243; global_colors_info=&#8220;{}&#8220; animation_style=&#8220;fade&#8220; sticky_enabled=&#8220;0&#8243;][et_pb_column type=&#8220;4_4&#8243; _builder_version=&#8220;4.18.0&#8243; _module_preset=&#8220;default&#8220; global_colors_info=&#8220;{}&#8220;][et_pb_text _builder_version=&#8220;4.18.0&#8243; _module_preset=&#8220;default&#8220; text_font=&#8220;||||||||&#8220; global_colors_info=&#8220;{}&#8220;]<\/p>\n<p>Willkommen auf der Internetpr\u00e4senz des Gartenbaubetriebs Achim Holzem.<\/p>\n<p>Seit 1846 steht der Name Holzem f\u00fcr qualitativ hochwertige Topfpflanzen produziert in M\u00f6nchengladbach-Rheydt.<\/p>\n<p>Der Betrieb wird seit 2007 in der 6. Generation von Achim Holzem gef\u00fchrt und produziert saisonale Topfpflanzen auf\u00a0einer Unterglasfl\u00e4che von ca. 15000 m\u00b2. Die Produktionsst\u00e4tten wurden in den letzten Jahren\u00a0kontinuierlich modernisiert wobei insbesondere Wert auf optimale Kutur- und Arbeits-Bedingungen aber auch auf\u00a0Nachhaltigkeit gelegt wurde.<\/p>\n<p>Der Absatz der Produkte erfolgt \u00fcber die Veiling-Rhein-Maas\u00a0und Landgard.<\/p>\n<p>[\/et_pb_text][\/et_pb_column][\/et_pb_row][et_pb_row _builder_version=&#8220;4.18.0&#8243; _module_preset=&#8220;default&#8220; hover_enabled=&#8220;0&#8243; global_colors_info=&#8220;{}&#8220; animation_style=&#8220;fade&#8220; sticky_enabled=&#8220;0&#8243;][et_pb_column type=&#8220;4_4&#8243; _builder_version=&#8220;4.18.0&#8243; _module_preset=&#8220;default&#8220; global_colors_info=&#8220;{}&#8220;][et_pb_gallery gallery_ids=&#8220;39,40,41,42&#8243; show_title_and_caption=&#8220;off&#8220; show_pagination=&#8220;off&#8220; _builder_version=&#8220;4.18.0&#8243; _module_preset=&#8220;default&#8220; global_colors_info=&#8220;{}&#8220;][\/et_pb_gallery][\/et_pb_column][\/et_pb_row][\/et_pb_section][et_pb_section fb_built=&#8220;1&#8243; fullwidth=&#8220;on&#8220; _builder_version=&#8220;4.18.0&#8243; _module_preset=&#8220;default&#8220; global_colors_info=&#8220;{}&#8220;][et_pb_fullwidth_slider _builder_version=&#8220;4.18.0&#8243; _module_preset=&#8220;default&#8220; link_option_url=&#8220;http:\/\/grafik-kevelaer.de\/vorschau\/holzem_neu\/#kontakt&#8220; global_colors_info=&#8220;{}&#8220;][et_pb_slide button_text=&#8220;Kontaktieren Sie uns!&#8220; _builder_version=&#8220;4.18.0&#8243; _module_preset=&#8220;default&#8220; background_enable_color=&#8220;off&#8220; background_image=&#8220;http:\/\/grafik-kevelaer.de\/vorschau\/holzem_neu\/wp-content\/uploads\/2022\/10\/bild_hintergrund-2.jpg&#8220; background_enable_image=&#8220;on&#8220; parallax=&#8220;on&#8220; parallax_method=&#8220;off&#8220; custom_button=&#8220;on&#8220; button_text_size=&#8220;25px&#8220; global_colors_info=&#8220;{}&#8220; sticky_transition=&#8220;on&#8220;][\/et_pb_slide][\/et_pb_fullwidth_slider][\/et_pb_section]<\/p>\n","protected":false},"excerpt":{"rendered":"<p>Willkommen auf der Internetpr\u00e4senz des Gartenbaubetriebs Achim Holzem. Seit 1846 steht der Name Holzem f\u00fcr qualitativ hochwertige Topfpflanzen produziert in M\u00f6nchengladbach-Rheydt. Der Betrieb wird seit 2007 in der 6. Generation von Achim Holzem gef\u00fchrt und produziert saisonale Topfpflanzen auf\u00a0einer Unterglasfl\u00e4che von ca. 15000 m\u00b2. Die Produktionsst\u00e4tten wurden in den letzten Jahren\u00a0kontinuierlich modernisiert wobei insbesondere Wert [&hellip;]<\/p>\n","protected":false},"author":1,"featured_media":0,"parent":0,"menu_order":0,"comment_status":"closed","ping_status":"closed","template":"","meta":{"_et_pb_use_builder":"on","_et_pb_old_content":"","_et_gb_content_width":"","footnotes":""},"class_list":["post-12","page","type-page","status-publish","hentry"],"_links":{"self":[{"href":"http:\/\/grafik-kevelaer.de\/vorschau\/holzem_neu\/wp-json\/wp\/v2\/pages\/12","targetHints":{"allow":["GET"]}}],"collection":[{"href":"http:\/\/grafik-kevelaer.de\/vorschau\/holzem_neu\/wp-json\/wp\/v2\/pages"}],"about":[{"href":"http:\/\/grafik-kevelaer.de\/vorschau\/holzem_neu\/wp-json\/wp\/v2\/types\/page"}],"author":[{"embeddable":true,"href":"http:\/\/grafik-kevelaer.de\/vorschau\/holzem_neu\/wp-json\/wp\/v2\/users\/1"}],"replies":[{"embeddable":true,"href":"http:\/\/grafik-kevelaer.de\/vorschau\/holzem_neu\/wp-json\/wp\/v2\/comments?post=12"}],"version-history":[{"count":9,"href":"http:\/\/grafik-kevelaer.de\/vorschau\/holzem_neu\/wp-json\/wp\/v2\/pages\/12\/revisions"}],"predecessor-version":[{"id":84,"href":"http:\/\/grafik-kevelaer.de\/vorschau\/holzem_neu\/wp-json\/wp\/v2\/pages\/12\/revisions\/84"}],"wp:attachment":[{"href":"http:\/\/grafik-kevelaer.de\/vorschau\/holzem_neu\/wp-json\/wp\/v2\/media?parent=12"}],"curies":[{"name":"wp","href":"https:\/\/api.w.org\/{rel}","templated":true}]}}